{"id":665,"date":"2024-06-25T19:41:13","date_gmt":"2024-06-25T19:41:13","guid":{"rendered":"https:\/\/ninjutsu-aschaffenburg.de\/?page_id=665"},"modified":"2024-07-09T18:44:23","modified_gmt":"2024-07-09T18:44:23","slug":"pascal-4-dan-buinkan-budo-taijutsu","status":"publish","type":"page","link":"https:\/\/ninjutsu-aschaffenburg.de\/?page_id=665","title":{"rendered":"Pascal"},"content":{"rendered":"\n<p>4. Dan Bujinkan Budo Taijutsu <\/p>\n\n\n\n<figure class=\"wp-block-image size-large is-resized\"><a href=\"https:\/\/ninjutsu-aschaffenburg.de\/wp-content\/uploads\/DSC03107-1.jpg\"><img loading=\"lazy\" decoding=\"async\" width=\"745\" height=\"1024\" src=\"https:\/\/ninjutsu-aschaffenburg.de\/wp-content\/uploads\/DSC03107-1-745x1024.jpg\" alt=\"\" class=\"wp-image-669\" style=\"width:308px;height:auto\" srcset=\"https:\/\/ninjutsu-aschaffenburg.de\/wp-content\/uploads\/DSC03107-1-745x1024.jpg 745w, https:\/\/ninjutsu-aschaffenburg.de\/wp-content\/uploads\/DSC03107-1-218x300.jpg 218w, https:\/\/ninjutsu-aschaffenburg.de\/wp-content\/uploads\/DSC03107-1-768x1056.jpg 768w, https:\/\/ninjutsu-aschaffenburg.de\/wp-content\/uploads\/DSC03107-1-1117x1536.jpg 1117w, https:\/\/ninjutsu-aschaffenburg.de\/wp-content\/uploads\/DSC03107-1-1489x2048.jpg 1489w, https:\/\/ninjutsu-aschaffenburg.de\/wp-content\/uploads\/DSC03107-1.jpg 1506w\" sizes=\"auto, (max-width: 745px) 100vw, 745px\" \/><\/a><\/figure>\n\n\n\n<p>Mein Weg im Kampfsport begann im Alter von 12 Jahren.\u00a0<br>Damals, wie bei vielen im Karate, das ich in einem Aschaffenburger Sportverein trainierte.<br>Als Jugendlicher verlief sich mein Interesse zun\u00e4chst.<br>W\u00e4hrend meiner Zeit als Soldat bei den Feldj\u00e4gern, stand hin und wieder Ju-Jutsu auf dem Dienstplan doch so richtig begann ich erst nach meinem Milit\u00e4rdienst, mich f\u00fcr Kampfsport und Kampfkunst zu interessieren.<br><br>Im Jahr 2010 trat ich dem \u00f6rtlichen Bujinkan-Dojo unter der Leitung von Shihan Volker K\u00fchn bei.<br>Im Jahr 2022 durfte ich die Trainingsleitung im Aschaffenburger Bujinkan Dojo \u00fcbernehmen, nachdem unser Shihan Volker nach Norddeutschland gezogen ist und nur noch sporadisch in Aschaffenburg unterrichtet<br>Neben dem Bujinkan trainierte ich einige Jahre nebenbei Judo und habe mich auch in der Welt der Koryu umgesehen und hatte im Laufe der Zeit die Gelegenheit hier an einer Vielzahl von Trainings und Seminaren teilzunehmen.<\/p>\n<div class=\"twoclick_social_bookmarks_post_665 social_share_privacy clearfix 1.6.4 locale-de_DE sprite-de_DE\"><\/div><div class=\"twoclick-js\"><script type=\"text\/javascript\">\/* <![CDATA[ *\/\njQuery(document).ready(function($){if($('.twoclick_social_bookmarks_post_665')){$('.twoclick_social_bookmarks_post_665').socialSharePrivacy({\"services\":{\"facebook\":{\"status\":\"on\",\"txt_info\":\"2 Klicks f\\u00fcr mehr Datenschutz: Erst wenn Sie hier klicken, wird der Button aktiv und Sie k\\u00f6nnen Ihre Empfehlung an Facebook senden. Schon beim Aktivieren werden Daten an Dritte \\u00fcbertragen - siehe <em>i<\\\/em>.\",\"perma_option\":\"off\",\"action\":\"like\",\"language\":\"de_DE\"},\"twitter\":{\"reply_to\":\"\",\"tweet_text\":\"Pascal%20%C2%BB%20Bujinkan%20Aschaffenburg\",\"status\":\"on\",\"txt_info\":\"2 Klicks f\\u00fcr mehr Datenschutz: Erst wenn Sie hier klicken, wird der Button aktiv und Sie k\\u00f6nnen Ihre Empfehlung an Twitter senden. Schon beim Aktivieren werden Daten an Dritte \\u00fcbertragen - siehe <em>i<\\\/em>.\",\"perma_option\":\"off\",\"language\":\"de\",\"referrer_track\":\"\"}},\"txt_help\":\"Wenn Sie diese Felder durch einen Klick aktivieren, werden Informationen an Facebook, Twitter, Flattr, Xing, t3n, LinkedIn, Pinterest oder Google eventuell ins Ausland \\u00fcbertragen und unter Umst\\u00e4nden auch dort gespeichert. N\\u00e4heres erfahren Sie durch einen Klick auf das <em>i<\\\/em>.\",\"settings_perma\":\"Dauerhaft aktivieren und Daten\\u00fcber-tragung zustimmen:\",\"info_link\":\"http:\\\/\\\/www.heise.de\\\/ct\\\/artikel\\\/2-Klicks-fuer-mehr-Datenschutz-1333879.html\",\"uri\":\"https:\\\/\\\/ninjutsu-aschaffenburg.de\\\/?page_id=665\",\"post_id\":665,\"post_title_referrer_track\":\"Pascal\",\"display_infobox\":\"on\"});}});\n\/* ]]> *\/<\/script><\/div>","protected":false},"excerpt":{"rendered":"<p>4. Dan Bujinkan Budo Taijutsu Mein Weg im Kampfsport begann im Alter von 12 Jahren.\u00a0Damals, wie bei vielen im Karate, das ich in einem Aschaffenburger Sportverein trainierte.Als Jugendlicher verlief sich mein Interesse zun\u00e4chst.W\u00e4hrend meiner Zeit als Soldat bei den Feldj\u00e4gern, &hellip; <a href=\"https:\/\/ninjutsu-aschaffenburg.de\/?page_id=665\">Weiterlesen <span class=\"meta-nav\">&rarr;<\/span><\/a><\/p>\n","protected":false},"author":5,"featured_media":0,"parent":121,"menu_order":0,"comment_status":"closed","ping_status":"closed","template":"","meta":{"ngg_post_thumbnail":0,"footnotes":""},"class_list":["post-665","page","type-page","status-publish","hentry"],"_links":{"self":[{"href":"https:\/\/ninjutsu-aschaffenburg.de\/index.php?rest_route=\/wp\/v2\/pages\/665","targetHints":{"allow":["GET"]}}],"collection":[{"href":"https:\/\/ninjutsu-aschaffenburg.de\/index.php?rest_route=\/wp\/v2\/pages"}],"about":[{"href":"https:\/\/ninjutsu-aschaffenburg.de\/index.php?rest_route=\/wp\/v2\/types\/page"}],"author":[{"embeddable":true,"href":"https:\/\/ninjutsu-aschaffenburg.de\/index.php?rest_route=\/wp\/v2\/users\/5"}],"replies":[{"embeddable":true,"href":"https:\/\/ninjutsu-aschaffenburg.de\/index.php?rest_route=%2Fwp%2Fv2%2Fcomments&post=665"}],"version-history":[{"count":5,"href":"https:\/\/ninjutsu-aschaffenburg.de\/index.php?rest_route=\/wp\/v2\/pages\/665\/revisions"}],"predecessor-version":[{"id":692,"href":"https:\/\/ninjutsu-aschaffenburg.de\/index.php?rest_route=\/wp\/v2\/pages\/665\/revisions\/692"}],"up":[{"embeddable":true,"href":"https:\/\/ninjutsu-aschaffenburg.de\/index.php?rest_route=\/wp\/v2\/pages\/121"}],"wp:attachment":[{"href":"https:\/\/ninjutsu-aschaffenburg.de\/index.php?rest_route=%2Fwp%2Fv2%2Fmedia&parent=665"}],"curies":[{"name":"wp","href":"https:\/\/api.w.org\/{rel}","templated":true}]}}