{"id":652,"date":"2024-06-25T16:41:41","date_gmt":"2024-06-25T16:41:41","guid":{"rendered":"https:\/\/ninjutsu-aschaffenburg.de\/?page_id=652"},"modified":"2024-07-09T18:46:36","modified_gmt":"2024-07-09T18:46:36","slug":"harald-wagner","status":"publish","type":"page","link":"https:\/\/ninjutsu-aschaffenburg.de\/?page_id=652","title":{"rendered":"Harald"},"content":{"rendered":"\n<p>Abteilungsleiter<\/p>\n\n\n\n<p>4. Dan Bujinkan Budo Taijutsu<\/p>\n\n\n\n<figure class=\"wp-block-image size-large is-resized\"><a href=\"https:\/\/ninjutsu-aschaffenburg.de\/wp-content\/uploads\/IMG_20240630_143704.jpg\"><img loading=\"lazy\" decoding=\"async\" width=\"811\" height=\"1024\" src=\"https:\/\/ninjutsu-aschaffenburg.de\/wp-content\/uploads\/IMG_20240630_143704-811x1024.jpg\" alt=\"\" class=\"wp-image-693\" style=\"width:402px;height:auto\" srcset=\"https:\/\/ninjutsu-aschaffenburg.de\/wp-content\/uploads\/IMG_20240630_143704-811x1024.jpg 811w, https:\/\/ninjutsu-aschaffenburg.de\/wp-content\/uploads\/IMG_20240630_143704-238x300.jpg 238w, https:\/\/ninjutsu-aschaffenburg.de\/wp-content\/uploads\/IMG_20240630_143704-768x970.jpg 768w, https:\/\/ninjutsu-aschaffenburg.de\/wp-content\/uploads\/IMG_20240630_143704-1216x1536.jpg 1216w, https:\/\/ninjutsu-aschaffenburg.de\/wp-content\/uploads\/IMG_20240630_143704.jpg 1544w\" sizes=\"auto, (max-width: 811px) 100vw, 811px\" \/><\/a><\/figure>\n\n\n\n<p><strong>Fr\u00fche Jahre und Karate<\/strong><\/p>\n\n\n\n<p>Mein Werdegang begann bereits in jungen Jahren. Mit 15 Jahren begann ich eine Kampfkunstausbildung in Lichtenfels, wo ich mich dem Karate widmete. In dieser Zeit nahm ich vorwiegend an Kumite Meisterschaften teil und entwickelte so meine F\u00e4higkeiten im Wettkampfbereich weiter.<\/p>\n\n\n\n<p><strong>\u00dcbergang zum Kickboxen<\/strong><\/p>\n\n\n\n<p>Nach einigen Jahren im Karate entschied ich mich, meinen Horizont zu erweitern und begann mit Kickboxen im Semikontakt. Diese Phase dauerte etwa ein Jahr und half mir, meine Schlag- und Tritttechniken zu verfeinern und mich an den intensiven Kontakt im Kampf zu gew\u00f6hnen.<\/p>\n\n\n\n<p><strong>Ausbildung im Ninjutsu<\/strong><\/p>\n\n\n\n<p>Der entscheidende Wendepunkt in meiner Kampfkunstkarriere kam im Jahr 2011, als ich begann, unter Dai Shihan Volker K\u00fchn Ninjutsu zu trainieren. Unter der Anleitung dieses hoch angesehenen Meisters wurde ich bis zum 4. Dan ausgebildet. Diese intensive und tiefgehende Ausbildung umfasste nicht nur die technischen Aspekte des Ninjutsu, sondern auch die philosophischen und strategischen Elemente dieser alten Kunst.<\/p>\n\n\n\n<p><strong>Weiterbildung und Seminare<\/strong><\/p>\n\n\n\n<p>Neben dem regul\u00e4ren Training besuchte ich mehrere Seminare, um mein Wissen und meine F\u00e4higkeiten weiter zu vertiefen. Besonders hervorzuheben sind die Seminare und Trainingslager in St. Ingbert bei Mark Jahan, die einen wichtigen Beitrag zu meiner Entwicklung im Ninjutsu leisteten. Dar\u00fcber hinaus nahm ich an verschiedenen Seminaren und Trainings im Kyusho Jutsu teil, einer Disziplin, die sich auf die Anwendung von Druckpunkten im Kampf konzentriert.<\/p>\n\n\n\n<p><strong>Bogenschie\u00dfen und Parcours<\/strong><\/p>\n\n\n\n<p>Neben den Kampfk\u00fcnsten entwickelte ich eine Leidenschaft f\u00fcr das Bogenschie\u00dfen und nehme regelm\u00e4\u00dfig an 3-D-Bogentournieren teil und trainiere in verschiedenen Parcours, was die Pr\u00e4zision, Konzentration und Ausdauer f\u00f6rdert.<\/p>\n\n\n\n<p><strong>\u00dcbernahme der Abteilungsleitung<\/strong><\/p>\n\n\n\n<p><a><\/a> Nach dem Wegzug von Volker K\u00fchn im Jahr 2022 wurde mir die Abteilungsleitung und zusammen mit Pascal das Training am Freitag \u00fcbertragen. In dieser Rolle setzen wir die Tradition unseres Meisters fort, leiten die Sch\u00fcler an und sorgen f\u00fcr die Weiterentwicklung der Ninjutsu-Gruppe. Unsere Erfahrungen und unser Wissen aus anderen Kampfk\u00fcnsten wie Karate, Judo, Kickboxen und Kyusho Jutsu helfen uns dabei bei der Trainingsgestaltung.<\/p>\n<div class=\"twoclick_social_bookmarks_post_652 social_share_privacy clearfix 1.6.4 locale-de_DE sprite-de_DE\"><\/div><div class=\"twoclick-js\"><script type=\"text\/javascript\">\/* <![CDATA[ *\/\njQuery(document).ready(function($){if($('.twoclick_social_bookmarks_post_652')){$('.twoclick_social_bookmarks_post_652').socialSharePrivacy({\"services\":{\"facebook\":{\"status\":\"on\",\"txt_info\":\"2 Klicks f\\u00fcr mehr Datenschutz: Erst wenn Sie hier klicken, wird der Button aktiv und Sie k\\u00f6nnen Ihre Empfehlung an Facebook senden. Schon beim Aktivieren werden Daten an Dritte \\u00fcbertragen - siehe <em>i<\\\/em>.\",\"perma_option\":\"off\",\"action\":\"like\",\"language\":\"de_DE\"},\"twitter\":{\"reply_to\":\"\",\"tweet_text\":\"Harald%20%C2%BB%20Bujinkan%20Aschaffenburg\",\"status\":\"on\",\"txt_info\":\"2 Klicks f\\u00fcr mehr Datenschutz: Erst wenn Sie hier klicken, wird der Button aktiv und Sie k\\u00f6nnen Ihre Empfehlung an Twitter senden. Schon beim Aktivieren werden Daten an Dritte \\u00fcbertragen - siehe <em>i<\\\/em>.\",\"perma_option\":\"off\",\"language\":\"de\",\"referrer_track\":\"\"}},\"txt_help\":\"Wenn Sie diese Felder durch einen Klick aktivieren, werden Informationen an Facebook, Twitter, Flattr, Xing, t3n, LinkedIn, Pinterest oder Google eventuell ins Ausland \\u00fcbertragen und unter Umst\\u00e4nden auch dort gespeichert. N\\u00e4heres erfahren Sie durch einen Klick auf das <em>i<\\\/em>.\",\"settings_perma\":\"Dauerhaft aktivieren und Daten\\u00fcber-tragung zustimmen:\",\"info_link\":\"http:\\\/\\\/www.heise.de\\\/ct\\\/artikel\\\/2-Klicks-fuer-mehr-Datenschutz-1333879.html\",\"uri\":\"https:\\\/\\\/ninjutsu-aschaffenburg.de\\\/?page_id=652\",\"post_id\":652,\"post_title_referrer_track\":\"Harald\",\"display_infobox\":\"on\"});}});\n\/* ]]> *\/<\/script><\/div>","protected":false},"excerpt":{"rendered":"<p>Abteilungsleiter 4. Dan Bujinkan Budo Taijutsu Fr\u00fche Jahre und Karate Mein Werdegang begann bereits in jungen Jahren. Mit 15 Jahren begann ich eine Kampfkunstausbildung in Lichtenfels, wo ich mich dem Karate widmete. In dieser Zeit nahm ich vorwiegend an Kumite &hellip; <a href=\"https:\/\/ninjutsu-aschaffenburg.de\/?page_id=652\">Weiterlesen <span class=\"meta-nav\">&rarr;<\/span><\/a><\/p>\n","protected":false},"author":1,"featured_media":0,"parent":121,"menu_order":0,"comment_status":"closed","ping_status":"closed","template":"","meta":{"ngg_post_thumbnail":0,"footnotes":""},"class_list":["post-652","page","type-page","status-publish","hentry"],"_links":{"self":[{"href":"https:\/\/ninjutsu-aschaffenburg.de\/index.php?rest_route=\/wp\/v2\/pages\/652","targetHints":{"allow":["GET"]}}],"collection":[{"href":"https:\/\/ninjutsu-aschaffenburg.de\/index.php?rest_route=\/wp\/v2\/pages"}],"about":[{"href":"https:\/\/ninjutsu-aschaffenburg.de\/index.php?rest_route=\/wp\/v2\/types\/page"}],"author":[{"embeddable":true,"href":"https:\/\/ninjutsu-aschaffenburg.de\/index.php?rest_route=\/wp\/v2\/users\/1"}],"replies":[{"embeddable":true,"href":"https:\/\/ninjutsu-aschaffenburg.de\/index.php?rest_route=%2Fwp%2Fv2%2Fcomments&post=652"}],"version-history":[{"count":5,"href":"https:\/\/ninjutsu-aschaffenburg.de\/index.php?rest_route=\/wp\/v2\/pages\/652\/revisions"}],"predecessor-version":[{"id":695,"href":"https:\/\/ninjutsu-aschaffenburg.de\/index.php?rest_route=\/wp\/v2\/pages\/652\/revisions\/695"}],"up":[{"embeddable":true,"href":"https:\/\/ninjutsu-aschaffenburg.de\/index.php?rest_route=\/wp\/v2\/pages\/121"}],"wp:attachment":[{"href":"https:\/\/ninjutsu-aschaffenburg.de\/index.php?rest_route=%2Fwp%2Fv2%2Fmedia&parent=652"}],"curies":[{"name":"wp","href":"https:\/\/api.w.org\/{rel}","templated":true}]}}