{"id":408,"date":"2015-11-24T20:58:19","date_gmt":"2015-11-24T20:58:19","guid":{"rendered":"http:\/\/ninjutsu-aschaffenburg.de\/?page_id=408"},"modified":"2015-11-24T21:17:00","modified_gmt":"2015-11-24T21:17:00","slug":"was-ist-ninjutsu","status":"publish","type":"page","link":"https:\/\/ninjutsu-aschaffenburg.de\/?page_id=408","title":{"rendered":"Was ist Ninjutsu ?"},"content":{"rendered":"<div style=\"text-align: left;\">Bezeichnet die Kampfkunst der heute gemeinhin als \u201cNinja\u201c bekannten K\u00e4mpfer des feudalen Japans. (In der Tat kam dieser Begriff wohl erst wesentlich sp\u00e4ter auf.)<br \/>\nNinjutsu ist eine alte japanische Kampfkunst, die ihre Urspr\u00fcnge in den b\u00fcrgerkriegs\u00e4hnlichen Wirren der Machtk\u00e4mpfe im mittelalterlichen Japan hat. Heute pflegt das Bujinkan Dojo neun Traditionen alter Schulen.<\/div>\n<div style=\"text-align: left;\"><strong>Drei dieser neun Schulen sind dem Ninjutsu zuzuordnen:<\/strong><br \/>\nx Togakure Ryu Ninpo<br \/>\nx Gyokushin Ryu Ninpo<br \/>\nx Kumogakure Ryu Ninpo<\/p>\n<p><strong>Sechs Schulen\u00a0sind traditionelle Samurai bzw. Krieger Schulen:<\/strong><br \/>\nx Gyokko Ryu Kosshijutsu<br \/>\nx Kukishinden Ryu Happo Bikenjutsu<br \/>\nx Shinden Fudo Ryu Dakentaijutsu<br \/>\nx Koto Ryu Koppojutsu<br \/>\nx Gikan Ryu Koppojutsu<br \/>\nx Takagi Yoshin Ryu Jutaijutsu<\/p>\n<\/div>\n<div style=\"text-align: left;\">Das Taijutsu (K\u00f6rperkunst bzw. unbewaffneter Kampf) des Bujinkan, deckt alle Distanzen und Techniken des unbewaffneten Nahkampfs ab, und ist entsprechend umfangreich.<\/div>\n<div style=\"text-align: left;\">Aber auch Methoden der Fortbewegung und des Ausweichens sowie Taktiken beim Kampf, z.B in Unterzahl usw.<\/div>\n<div style=\"text-align: left;\"><\/div>\n<div style=\"text-align: left;\">Das Buki Waza bezeichnet die Waffentechnicken. Trainiert werden hier alle historischen Waffen Japan&#8217;s wie z.B Yari (Speer), Katana (Schwert), Bo (Stock), Tanto(Messer) usw.<\/div>\n<div style=\"text-align: left;\"><\/div>\n<div style=\"text-align: left;\"><\/div>\n<div style=\"text-align: left;\"><strong>Bilder alter Gro\u00dfmeister<\/strong><\/div>\n<div style=\"text-align: left;\">\u00a0<strong>ngg_shortcode_0_placeholder<\/strong><\/div>\n<div style=\"text-align: left;\"><\/div>\n<div style=\"text-align: left;\">Das Wort Ninjutsu setzt sich aus zwei Teilen zusammen. Zum einen dem Wort &#8222;Nin&#8220;, das soviel wie erdulden, verstecken, vermeiden bedeutet, zum anderen das Wort &#8222;Jutsu&#8220;, welches mit Kunst bzw. Technik \u00fcbersetzt werden kann. Das Wort &#8222;Nin&#8220; kann wiederum in zwei W\u00f6rter aufgeteilt werden, in dem das eine Herz und das andere die Bedeutung von Klinge hat. Die weitverbreiteste \u00dcbersetzungm\u00f6glichkeit ist &#8222;Die Kunst des ausdauernden Herzens&#8220;.<\/div>\n<div style=\"text-align: left;\"><\/div>\n<div style=\"text-align: left;\"><\/div>\n<div style=\"text-align: left;\"><strong>Trainnings Impressionen<\/strong><\/div>\n<div style=\"text-align: left;\">\u00a0<strong>ngg_shortcode_1_placeholder<\/strong><\/div>\n<div style=\"text-align: left;\"><\/div>\n<div style=\"text-align: left;\">Ninjutsu soll das \u00dcberleben lehren. Im Mittelpunkt dabei steht die \u00dcberwindung eines Konfliktes mittels verschiedener M\u00f6glichkeiten, welche auch die Vermeidung eines Kampfes beinhalten kann.<\/div>\n<div style=\"text-align: left;\"><\/div>\n<div style=\"text-align: left;\"><strong>Der Dojo Schrein<\/strong><\/div>\n<div style=\"text-align: left;\">\n<div style=\"text-align: left;\"><strong>ngg_shortcode_2_placeholder<\/strong><\/div>\n<\/div>\n<div style=\"text-align: left;\"><\/div>\n<div style=\"text-align: left;\">Daher ist das Training auch heute noch mehr auf das Erlernen von Prinzipien ausgerichtet, als auf das Erreichen eines schnellen Vorteils oder von Punkten, wie es bei Kampfsport \u00fcblich ist. Das physische Traininig kommt nat\u00fcrlich nicht zu kurz, es soll in erster Linie die Beweglichkeit und Koordination verbessern. Grunds\u00e4tzlich werden in jedem Training fallen, rollen, Basistechniken und dann die fortgeschrittenen Techniken ge\u00fcbt.<\/div>\n<div style=\"text-align: left;\"><\/div>\n<div style=\"text-align: left;\">Das Bujinkan, dem auch diese Abteilung angeh\u00f6rt ist die gr\u00f6\u00dfte, allerdings nicht die einzige Organisation die heute noch die Kampfkunst Ninutsu unterrichtet.<\/div>\n<div class=\"twoclick_social_bookmarks_post_408 social_share_privacy clearfix 1.6.4 locale-de_DE sprite-de_DE\"><\/div><div class=\"twoclick-js\"><script type=\"text\/javascript\">\/* <![CDATA[ *\/\njQuery(document).ready(function($){if($('.twoclick_social_bookmarks_post_408')){$('.twoclick_social_bookmarks_post_408').socialSharePrivacy({\"services\":{\"facebook\":{\"status\":\"on\",\"txt_info\":\"2 Klicks f\\u00fcr mehr Datenschutz: Erst wenn Sie hier klicken, wird der Button aktiv und Sie k\\u00f6nnen Ihre Empfehlung an Facebook senden. Schon beim Aktivieren werden Daten an Dritte \\u00fcbertragen - siehe <em>i<\\\/em>.\",\"perma_option\":\"off\",\"action\":\"like\",\"language\":\"de_DE\"},\"twitter\":{\"reply_to\":\"\",\"tweet_text\":\"Was%20ist%20Ninjutsu%20%3F%20%C2%BB%20Bujinkan%20Aschaffenburg\",\"status\":\"on\",\"txt_info\":\"2 Klicks f\\u00fcr mehr Datenschutz: Erst wenn Sie hier klicken, wird der Button aktiv und Sie k\\u00f6nnen Ihre Empfehlung an Twitter senden. Schon beim Aktivieren werden Daten an Dritte \\u00fcbertragen - siehe <em>i<\\\/em>.\",\"perma_option\":\"off\",\"language\":\"de\",\"referrer_track\":\"\"}},\"txt_help\":\"Wenn Sie diese Felder durch einen Klick aktivieren, werden Informationen an Facebook, Twitter, Flattr, Xing, t3n, LinkedIn, Pinterest oder Google eventuell ins Ausland \\u00fcbertragen und unter Umst\\u00e4nden auch dort gespeichert. N\\u00e4heres erfahren Sie durch einen Klick auf das <em>i<\\\/em>.\",\"settings_perma\":\"Dauerhaft aktivieren und Daten\\u00fcber-tragung zustimmen:\",\"info_link\":\"http:\\\/\\\/www.heise.de\\\/ct\\\/artikel\\\/2-Klicks-fuer-mehr-Datenschutz-1333879.html\",\"uri\":\"https:\\\/\\\/ninjutsu-aschaffenburg.de\\\/?page_id=408\",\"post_id\":408,\"post_title_referrer_track\":\"Was+ist+Ninjutsu+%3F\",\"display_infobox\":\"on\"});}});\n\/* ]]> *\/<\/script><\/div>","protected":false},"excerpt":{"rendered":"<p>Bezeichnet die Kampfkunst der heute gemeinhin als \u201cNinja\u201c bekannten K\u00e4mpfer des feudalen Japans. (In der Tat kam dieser Begriff wohl erst wesentlich sp\u00e4ter auf.) Ninjutsu ist eine alte japanische Kampfkunst, die ihre Urspr\u00fcnge in den b\u00fcrgerkriegs\u00e4hnlichen Wirren der Machtk\u00e4mpfe im &hellip; <a href=\"https:\/\/ninjutsu-aschaffenburg.de\/?page_id=408\">Weiterlesen <span class=\"meta-nav\">&rarr;<\/span><\/a><\/p>\n","protected":false},"author":2,"featured_media":0,"parent":6,"menu_order":0,"comment_status":"closed","ping_status":"closed","template":"","meta":{"ngg_post_thumbnail":0,"footnotes":""},"class_list":["post-408","page","type-page","status-publish","hentry"],"_links":{"self":[{"href":"https:\/\/ninjutsu-aschaffenburg.de\/index.php?rest_route=\/wp\/v2\/pages\/408","targetHints":{"allow":["GET"]}}],"collection":[{"href":"https:\/\/ninjutsu-aschaffenburg.de\/index.php?rest_route=\/wp\/v2\/pages"}],"about":[{"href":"https:\/\/ninjutsu-aschaffenburg.de\/index.php?rest_route=\/wp\/v2\/types\/page"}],"author":[{"embeddable":true,"href":"https:\/\/ninjutsu-aschaffenburg.de\/index.php?rest_route=\/wp\/v2\/users\/2"}],"replies":[{"embeddable":true,"href":"https:\/\/ninjutsu-aschaffenburg.de\/index.php?rest_route=%2Fwp%2Fv2%2Fcomments&post=408"}],"version-history":[{"count":31,"href":"https:\/\/ninjutsu-aschaffenburg.de\/index.php?rest_route=\/wp\/v2\/pages\/408\/revisions"}],"predecessor-version":[{"id":468,"href":"https:\/\/ninjutsu-aschaffenburg.de\/index.php?rest_route=\/wp\/v2\/pages\/408\/revisions\/468"}],"up":[{"embeddable":true,"href":"https:\/\/ninjutsu-aschaffenburg.de\/index.php?rest_route=\/wp\/v2\/pages\/6"}],"wp:attachment":[{"href":"https:\/\/ninjutsu-aschaffenburg.de\/index.php?rest_route=%2Fwp%2Fv2%2Fmedia&parent=408"}],"curies":[{"name":"wp","href":"https:\/\/api.w.org\/{rel}","templated":true}]}}