{"id":14,"date":"2013-02-24T22:04:03","date_gmt":"2013-02-24T22:04:03","guid":{"rendered":"http:\/\/ninjutsu-aschaffenburg.de\/?page_id=14"},"modified":"2013-02-24T22:47:52","modified_gmt":"2013-02-24T22:47:52","slug":"waffen","status":"publish","type":"page","link":"https:\/\/ninjutsu-aschaffenburg.de\/?page_id=14","title":{"rendered":"Waffen"},"content":{"rendered":"<p style=\"text-align: justify;\">Zur Erf\u00fcllung ihrer Auftr\u00e4ge konnten die Shinobi aus einem reichhaltigen Waffenarsenal sch\u00f6pfen, welches sowohl alle g\u00e4ngigen Waffen der damaligen Zeit, sowie auch einige\u00a0unkonventionelle \u201cWerkzeuge\u201c beinhaltete.<\/p>\n<p style=\"text-align: justify;\">\u00a0<\/p>\n<p style=\"text-align: justify;\">Wegen der enormen Vielzahl der verwendeten Waffen werden\u00a0 nicht alle regelm\u00e4\u00dfig unterrichtet.\u00a0Der Schwerpunkt kann hier von Dojo zu Dojo variieren.\u00a0Manche Waffen werden aus verschiedenen Gr\u00fcnden gar nicht im Training verwendet.\u00a0Sei es weil das deutsche Waffengesetzt ein Verbot vorsieht oder weil der Einsatz im regul\u00e4ren Training nicht m\u00f6glich ist, wie z.B. bei Pfeil und Bogen.<\/p>\n<p style=\"text-align: justify;\">\u00a0<\/p>\n<p style=\"text-align: justify;\">Des Weiteren lassen sich diverse Waffentechniken sehr gut auf Alltagsgegenst\u00e4nde \u00fcbertragen, und k\u00f6nnen so auch in unserer Zeit einen realen Nutzen aufweisen.\u00a0Hier ein kleiner \u00dcberblick der keinen Anspruch auf Vollst\u00e4ndigkeit erhebt:<\/p>\n<p style=\"text-align: justify;\">\u00a0<\/p>\n<p style=\"text-align: justify;\">\u00a0<\/p>\n<table style=\"border: 2px solid #cd4131;\" border=\"2\" cellpadding=\"6\" frame=\"box\" align=\"center\">\n<tbody>\n<tr>\n<td>\n<h3 style=\"text-align: center;\"><span style=\"text-decoration: underline;\">Bitte beachten sie unbedingt folgendes:<br \/><\/span><em>Die mit einem* gekennzeichneten Waffen unterliegen dem deutschen Waffengesetzt. <\/em><em>Der Besitz, Erwerb, Ver\u00e4u\u00dferung, Herstellung und Instandsetzung dieser Waffen ist verboten! Ebenso sollten Sie den Zweck beachten. Macheten f\u00fcr die Gartenarbeit gehen in Ordnung, bei einem Spaziergang durch die Fussg\u00e4ngerzone sollte sie Zuhause bleiben um \u00c4rger zu vermeiden. <\/em><em>Des Weiteren raten wir vom \u00f6ffentlichen f\u00fchren und unverschlossenem Transport auch der \u00fcbrigen Waffen (auch Trainingswaffen) dringend ab!<\/em><\/h3>\n<\/td>\n<\/tr>\n<\/tbody>\n<\/table>\n<h3 style=\"text-align: center;\"><span style=\"text-decoration: underline;\"><br \/><\/span><\/h3>\n<p style=\"text-align: justify;\">\u00a0<\/p>\n<h3><strong>Schwerter:<\/strong><\/h3>\n<p style=\"text-align: justify;\">Im feudalen Japan existierte eine Vielzahl verschiedener Schwerttypen, von denen das bekannteste wohl das Katana\u00a0 ist.\u00a0Die Klingenl\u00e4nge der meisten Katana`s betrug 60-70 cm die Gesamtl\u00e4nge etwas \u00fcber einen Meter. Die genaue L\u00e4nge eines Katana wurde jedoch auf die K\u00f6rpergr\u00f6\u00dfe des Tr\u00e4gers angepasst.\u00a0Weitere Schwerttypen sind z.B. das Wakizashi bzw. Shoto, ein Kurzschwert oder das\u00a0Odachi ein \u00fcberlanges Schwert.<\/p>\n<p style=\"text-align: justify;\">Das Katana ist wohl zusammen mit dem Bo die im Bujinkan am h\u00e4ufigsten verwendete Waffe.\u00a0Zum Training wird hier eine Nachbildung aus Hartholz das sog. Bokuto bzw. Bokken verwendet.<\/p>\n<p style=\"text-align: justify;\">\u00a0<\/p>\n<h3 style=\"text-align: justify;\">Tanto:<\/h3>\n<p style=\"text-align: justify;\">Das Messer. Wahrscheinlich die einzige im Bujinkan gelehrte Waffe die uns auch heutzutage jederzeit begegnen kann.\u00a0Leicht zu verbergen und sehr vielseitig einsetzbar.\u00a0Die Kampfmesser im feudalen Japan waren meist einschneidig mit einer Klingenl\u00e4nge von unter 30cm.\u00a0Zum Training werden verschiedene Nachbildungen aus Hartholz, Gummi oder auch Metall genutzt. (Beachten Sie hierzu das jeweilige Waffengesetz die eine Vielzahl Klingen und Funktionen unter Strafe verbietet!)<\/p>\n<p style=\"text-align: justify;\">\u00a0<\/p>\n<h3 style=\"text-align: justify;\"><strong>Shuriken:*<\/strong><\/h3>\n<p style=\"text-align: justify;\">Die wohl am meisten mit den Ninja in Verbindung gebrachte Waffe.\u00a0Entgegen der landl\u00e4ufigen Meinung existieren neben sternf\u00f6rmigen Wurfgeschossen noch eine gro\u00dfe Mengen anderer Formen.\u00a0Auch wurden diese Waffen nicht nur zum Werfen sondern auch im Nahkampf eingesetzt.<\/p>\n<p style=\"text-align: justify;\">\u00a0<\/p>\n<h3 style=\"text-align: justify;\"><strong>Shuko\/Tekagi:*<\/strong><\/h3>\n<p style=\"text-align: justify;\">Handkrallen bestehend meist aus zwei Metallringen die um die Hand und das Handgelenk gelegt werden.\u00a0Der vordere Ring ist dabei mit nach innen gerichteten Dornen versehen.\u00a0Shuko wurden unter anderem auch dazu verwendet Schwerthiebe \u201caufzufangen\u201c.\u00a0F\u00fcr das Training werden Nachbildungen aus Kunststoff verwendet.<\/p>\n<p style=\"text-align: justify;\">\u00a0<\/p>\n<h3 style=\"text-align: justify;\"><strong>Bo\/Jo\/Hanbo:<\/strong><\/h3>\n<p style=\"text-align: justify;\">St\u00f6cke aus Hartholz in unterschiedlichen L\u00e4ngen.<\/p>\n<p style=\"text-align: justify;\">Bo: ca 1,80 m<\/p>\n<p style=\"text-align: justify;\">Jo: ca. 1,30 m<\/p>\n<p style=\"text-align: justify;\">Hanbo: ca. 0.90 m<\/p>\n<p style=\"text-align: justify;\">Sie werden unter anderem zum Schlagen und Hebeln verwendet.\u00a0Vielf\u00e4ltig einsetzbar sind sie zusammen mit dem Schwert die im Bujinkan am h\u00e4ufigsten verwendeten Waffen.<\/p>\n<p style=\"text-align: justify;\">\u00a0<\/p>\n<h3 style=\"text-align: justify;\"><strong>Yari:<\/strong><\/h3>\n<p style=\"text-align: justify;\">Der Speer, eine der h\u00e4ufigsten Waffen auf dem Schlachtfeld.\u00a0Eingesetzt wurde er sowohl von den Samurai als auch von gew\u00f6hnlichen Fu\u00dfsoldaten.\u00a0Es existieren eine Unzahl verschiedener Klingenformen und L\u00e4ngen dieser Waffen.\u00a0Im Training wird meist ein Bo verwendet um den Yari zu simulieren.<\/p>\n<p style=\"text-align: justify;\">\u00a0<\/p>\n<h3 style=\"text-align: justify;\"><strong>Naginata:<\/strong><\/h3>\n<p style=\"text-align: justify;\"><strong> <\/strong><\/p>\n<p style=\"text-align: justify;\">Eine Schwertlanze mit einer Gesamtl\u00e4nge von ca: 150-260 cm.\u00a0Sie kam ca. im 12 Jahrhundert auf, wurde jedoch sp\u00e4ter vom Yari von den Schlachtfeldern verdr\u00e4ngt.\u00a0Oft wird diese Waffe im besonderen mit den japanischen Kriegerm\u00f6nchen den Sohei in Verbindung gebracht.\u00a0F\u00fcr das Training existieren spezielle Nachbildungen aus Holz, h\u00e4ufig wir jedoch auch ein Bo verwendet um die Naginata zu simulieren.<\/p>\n<p style=\"text-align: justify;\">\u00a0<\/p>\n<h3 style=\"text-align: justify;\"><strong>Kusarigama:*<\/strong><\/h3>\n<p style=\"text-align: justify;\"><strong> <\/strong><\/p>\n<p style=\"text-align: justify;\">Diese Waffe besteht aus zwei Hauptteilen.\u00a0Zum einen der Sichelf\u00f6rmigen Klinge zum anderen aus einer Kette an deren Ende sich ein Gewicht befindet.\u00a0Am anderen Ende ist die Kette mit dem Griff der Sichel verbunden.\u00a0Das Kusarigama ist vielseitig einsetzbar als Schnitt und Wuchtwaffe, zur Entwaffnung des Gegners oder zum Fesseln und W\u00fcrgen.<\/p>\n<p style=\"text-align: justify;\">\u00a0<\/p>\n<h3 style=\"text-align: justify;\"><strong>Kusarifundo\/Manriki Kusari:*<\/strong><\/h3>\n<p style=\"text-align: justify;\"><strong> <\/strong><\/p>\n<p style=\"text-align: justify;\">Eine Kette mit einem Eisengewicht an jedem Ende.\u00a0Die L\u00e4nge der Kette ist variabel. Kleinere Exemplare erreichen die L\u00e4nge des ausgestreckten Arms des Anwenders, andere teils mehrere Meter.<\/p>\n<p style=\"text-align: justify;\">\u00a0<\/p>\n<h3 style=\"text-align: justify;\"><strong>Kyoketsu Shoge:*<\/strong><\/h3>\n<p style=\"text-align: justify;\"><strong> <\/strong><\/p>\n<p style=\"text-align: justify;\">Eine Art Enterhaken der durch eine mehrere Meter Lange Kette oder Seil mit einem Eisenring verbunden ist.\u00a0Er \u00e4hnelt dem Kusarigama, auch seine Einsatzm\u00f6glichkeiten sind \u00e4hnlich.<\/p>\n<p style=\"text-align: justify;\">\u00a0<\/p>\n<h3 style=\"text-align: justify;\"><strong>Hojo:<\/strong><\/h3>\n<p style=\"text-align: justify;\">Das Seil. In allen erdenklichen L\u00e4ngen sind seine Einsatzm\u00f6glichkeiten nahezu unbegrenzt.\u00a0Fesseln, W\u00fcrgen, verst\u00e4rken von Hebeln und Haltegriffen oder als n\u00fctzliches Werkzeug tut es seinen Dienst.<\/p>\n<p style=\"text-align: justify;\">\u00a0<\/p>\n<h3 style=\"text-align: justify;\"><strong>Weitere Waffen:<\/strong><\/h3>\n<p style=\"text-align: justify;\">Neben den oben bereits beschrieben, wurde eine Vielzahl weiterer Waffen verwendet, die im Training aus offensichtlichen Gr\u00fcnden nicht eingesetzt werden k\u00f6nnen.\u00a0Zum Beispiel verschiedenste Arten von Gift und Sprengstoff.\u00a0Schusswaffen wie Pfeil und Bogen, aber auch die von Europa aus nach Japan gebrachten Feuerwaffen wie die Arkebuse und sp\u00e4ter die Muskete befanden sich im Arsenal der Ninja.<\/p>\n<p style=\"text-align: justify;\">Diese Waffen spielen im regul\u00e4ren Training kaum eine Rolle, werden jedoch ab und zu in Spezialkursen bei uns angeboten.<\/p>\n<div class=\"twoclick_social_bookmarks_post_14 social_share_privacy clearfix 1.6.4 locale-de_DE sprite-de_DE\"><\/div><div class=\"twoclick-js\"><script type=\"text\/javascript\">\/* <![CDATA[ *\/\njQuery(document).ready(function($){if($('.twoclick_social_bookmarks_post_14')){$('.twoclick_social_bookmarks_post_14').socialSharePrivacy({\"services\":{\"facebook\":{\"status\":\"on\",\"txt_info\":\"2 Klicks f\\u00fcr mehr Datenschutz: Erst wenn Sie hier klicken, wird der Button aktiv und Sie k\\u00f6nnen Ihre Empfehlung an Facebook senden. Schon beim Aktivieren werden Daten an Dritte \\u00fcbertragen - siehe <em>i<\\\/em>.\",\"perma_option\":\"off\",\"action\":\"like\",\"language\":\"de_DE\"},\"twitter\":{\"reply_to\":\"\",\"tweet_text\":\"Waffen%20%C2%BB%20Bujinkan%20Aschaffenburg\",\"status\":\"on\",\"txt_info\":\"2 Klicks f\\u00fcr mehr Datenschutz: Erst wenn Sie hier klicken, wird der Button aktiv und Sie k\\u00f6nnen Ihre Empfehlung an Twitter senden. Schon beim Aktivieren werden Daten an Dritte \\u00fcbertragen - siehe <em>i<\\\/em>.\",\"perma_option\":\"off\",\"language\":\"de\",\"referrer_track\":\"\"}},\"txt_help\":\"Wenn Sie diese Felder durch einen Klick aktivieren, werden Informationen an Facebook, Twitter, Flattr, Xing, t3n, LinkedIn, Pinterest oder Google eventuell ins Ausland \\u00fcbertragen und unter Umst\\u00e4nden auch dort gespeichert. N\\u00e4heres erfahren Sie durch einen Klick auf das <em>i<\\\/em>.\",\"settings_perma\":\"Dauerhaft aktivieren und Daten\\u00fcber-tragung zustimmen:\",\"info_link\":\"http:\\\/\\\/www.heise.de\\\/ct\\\/artikel\\\/2-Klicks-fuer-mehr-Datenschutz-1333879.html\",\"uri\":\"https:\\\/\\\/ninjutsu-aschaffenburg.de\\\/?page_id=14\",\"post_id\":14,\"post_title_referrer_track\":\"Waffen\",\"display_infobox\":\"on\"});}});\n\/* ]]> *\/<\/script><\/div>","protected":false},"excerpt":{"rendered":"<p>Zur Erf\u00fcllung ihrer Auftr\u00e4ge konnten die Shinobi aus einem reichhaltigen Waffenarsenal sch\u00f6pfen, welches sowohl alle g\u00e4ngigen Waffen der damaligen Zeit, sowie auch einige\u00a0unkonventionelle \u201cWerkzeuge\u201c beinhaltete. \u00a0 Wegen der enormen Vielzahl der verwendeten Waffen werden\u00a0 nicht alle regelm\u00e4\u00dfig unterrichtet.\u00a0Der Schwerpunkt kann &hellip; <a href=\"https:\/\/ninjutsu-aschaffenburg.de\/?page_id=14\">Weiterlesen <span class=\"meta-nav\">&rarr;<\/span><\/a><\/p>\n","protected":false},"author":1,"featured_media":0,"parent":6,"menu_order":0,"comment_status":"open","ping_status":"open","template":"","meta":{"ngg_post_thumbnail":0,"footnotes":""},"class_list":["post-14","page","type-page","status-publish","hentry"],"_links":{"self":[{"href":"https:\/\/ninjutsu-aschaffenburg.de\/index.php?rest_route=\/wp\/v2\/pages\/14","targetHints":{"allow":["GET"]}}],"collection":[{"href":"https:\/\/ninjutsu-aschaffenburg.de\/index.php?rest_route=\/wp\/v2\/pages"}],"about":[{"href":"https:\/\/ninjutsu-aschaffenburg.de\/index.php?rest_route=\/wp\/v2\/types\/page"}],"author":[{"embeddable":true,"href":"https:\/\/ninjutsu-aschaffenburg.de\/index.php?rest_route=\/wp\/v2\/users\/1"}],"replies":[{"embeddable":true,"href":"https:\/\/ninjutsu-aschaffenburg.de\/index.php?rest_route=%2Fwp%2Fv2%2Fcomments&post=14"}],"version-history":[{"count":3,"href":"https:\/\/ninjutsu-aschaffenburg.de\/index.php?rest_route=\/wp\/v2\/pages\/14\/revisions"}],"predecessor-version":[{"id":128,"href":"https:\/\/ninjutsu-aschaffenburg.de\/index.php?rest_route=\/wp\/v2\/pages\/14\/revisions\/128"}],"up":[{"embeddable":true,"href":"https:\/\/ninjutsu-aschaffenburg.de\/index.php?rest_route=\/wp\/v2\/pages\/6"}],"wp:attachment":[{"href":"https:\/\/ninjutsu-aschaffenburg.de\/index.php?rest_route=%2Fwp%2Fv2%2Fmedia&parent=14"}],"curies":[{"name":"wp","href":"https:\/\/api.w.org\/{rel}","templated":true}]}}