{"id":123,"date":"2013-03-01T14:01:34","date_gmt":"2013-03-01T14:01:34","guid":{"rendered":"http:\/\/ninjutsu-aschaffenburg.de\/?page_id=123"},"modified":"2024-06-25T20:10:01","modified_gmt":"2024-06-25T20:10:01","slug":"volker-kuhn","status":"publish","type":"page","link":"https:\/\/ninjutsu-aschaffenburg.de\/?page_id=123","title":{"rendered":"Volker K\u00fchn"},"content":{"rendered":"\n<p>15. Dan Bujinkan Budo Taijutsu<\/p>\n\n\n<p style=\"text-align: justify;\">Angefangen mit dem Training habe ich im Alter von 9 Jahren mit Judo, das ich ein paar Jahre trainierte. Da ich auf Grund eines Trainerwechsel meine Graduierung alle wiederholen sollte, h\u00f6rte ich mit Judo auf und versuchte mich in anderen Sportarten, bis ich dann 1986 mit Ninjutsu anfing. Da sich zu dieser Zeit das Training mehr nach Japan ausrichtete und viele neu eingestuft wurden, musste ich auch hier einen Sch\u00fclergrad wiederholen. Diese Pr\u00fcfung nahm Sylvain Guintard ab, bei dem ich einige Seminare besuchte.<\/p>\n<p style=\"text-align: justify;\"><span style=\"font-weight: normal;\">Den 1. Dan pr\u00fcfte 1990 Steffen Fr\u00f6hlich und Armin D\u00f6rfler. Seit 1991 fahre ich regelm\u00e4\u00dfig nach Japan und versuche mit mehrw\u00f6chigen Trainingsaufenthalten mein Budo in jeder Hinsicht zu verbessern. Den eigentlichen Meistergrad im Ninjutsu, den 5. Dan, machte ich 1994 in Japan bei Soke Hatsumi.<\/span><\/p>\n<p style=\"text-align: justify;\"><span style=\"font-weight: normal;\">Nat\u00fcrlich habe ich auch andere Kampfk\u00fcnste\/Sportarten versucht, wie z.B. Kickboxen, AntiTerror Kampf, Schwertkampf, Stockkampf, diverses Sparring, Kenjutsu, Aikido, Judo, Karate usw. aber keine empfand ich als so umfassend, nat\u00fcrlich, effektiv und den ganzen Menschen fordernd wie Ninjutsu, das ich seit 1989 in verschiedenen Schulen und jetzt in Aschaffenburg unterrichte. 2008 erhielt ich den 15. Dan.<\/span><\/p>\n<p style=\"text-align: center;\"><span style=\"font-weight: normal;\"><a href=\"http:\/\/ninjutsu-aschaffenburg.de\/wp-content\/uploads\/hatsumi-kuehn.jpg\"><img loading=\"lazy\" decoding=\"async\" class=\" wp-image-129 aligncenter\" src=\"http:\/\/ninjutsu-aschaffenburg.de\/wp-content\/uploads\/hatsumi-kuehn-300x211.jpg\" alt=\"hatsumi-kuehn\" width=\"600\" height=\"422\" srcset=\"https:\/\/ninjutsu-aschaffenburg.de\/wp-content\/uploads\/hatsumi-kuehn-300x211.jpg 300w, https:\/\/ninjutsu-aschaffenburg.de\/wp-content\/uploads\/hatsumi-kuehn-426x300.jpg 426w, https:\/\/ninjutsu-aschaffenburg.de\/wp-content\/uploads\/hatsumi-kuehn.jpg 800w\" sizes=\"auto, (max-width: 600px) 100vw, 600px\" \/><\/a><\/span><\/p>\n<p style=\"text-align: justify;\"><span style=\"font-weight: normal;\"><span style=\"font-size: x-small;\">Bild 1: Taikai 1994 in Frankfurt &#8211; Soke und Volker<\/span><\/span><\/p>\n<p style=\"text-align: justify;\"><a href=\"http:\/\/ninjutsu-aschaffenburg.de\/wp-content\/uploads\/hatsumivolker201009.jpg\"><img loading=\"lazy\" decoding=\"async\" class=\"alignnone  wp-image-131\" src=\"http:\/\/ninjutsu-aschaffenburg.de\/wp-content\/uploads\/hatsumivolker201009-300x211.jpg\" alt=\"hatsumivolker201009\" width=\"600\" height=\"422\" srcset=\"https:\/\/ninjutsu-aschaffenburg.de\/wp-content\/uploads\/hatsumivolker201009-300x211.jpg 300w, https:\/\/ninjutsu-aschaffenburg.de\/wp-content\/uploads\/hatsumivolker201009-426x300.jpg 426w, https:\/\/ninjutsu-aschaffenburg.de\/wp-content\/uploads\/hatsumivolker201009.jpg 800w\" sizes=\"auto, (max-width: 600px) 100vw, 600px\" \/><\/a><\/p>\n<p style=\"text-align: justify;\"><span style=\"font-size: x-small;\"><span style=\"font-weight: normal;\">Bild 2: <\/span>Honbu Dojo 2010 in Japan &#8211;&nbsp;Volker K\u00fchn mit Soke<\/span><\/p>\n<p style=\"text-align: justify;\"><span style=\"font-size: x-small;\">&nbsp;<\/span><\/p>\n<p style=\"text-align: justify;\"><span style=\"font-weight: normal;\">&nbsp;<\/span><\/p>\n<p>&nbsp;<\/p>\n<p>&nbsp;<\/p>\n<p>&nbsp;<\/p>\n<p style=\"text-align: center;\"><span style=\"color: #c80313;\"><strong><em><a href=\"index.php?option=com_content&amp;view=article&amp;id=65&amp;Itemid=77\"><span style=\"font-size: x-small;\"><span style=\"color: #d0191d;\">&lt;&lt;&lt; zur\u00fcck &gt;&gt;&gt;<\/span><\/span><\/a><\/em><\/strong><\/span><\/p><div class=\"twoclick_social_bookmarks_post_123 social_share_privacy clearfix 1.6.4 locale-de_DE sprite-de_DE\"><\/div><div class=\"twoclick-js\"><script type=\"text\/javascript\">\/* <![CDATA[ *\/\njQuery(document).ready(function($){if($('.twoclick_social_bookmarks_post_123')){$('.twoclick_social_bookmarks_post_123').socialSharePrivacy({\"services\":{\"facebook\":{\"status\":\"on\",\"txt_info\":\"2 Klicks f\\u00fcr mehr Datenschutz: Erst wenn Sie hier klicken, wird der Button aktiv und Sie k\\u00f6nnen Ihre Empfehlung an Facebook senden. Schon beim Aktivieren werden Daten an Dritte \\u00fcbertragen - siehe <em>i<\\\/em>.\",\"perma_option\":\"off\",\"action\":\"like\",\"language\":\"de_DE\"},\"twitter\":{\"reply_to\":\"\",\"tweet_text\":\"Volker%20K%C3%BChn%20%C2%BB%20Bujinkan%20Aschaffenburg\",\"status\":\"on\",\"txt_info\":\"2 Klicks f\\u00fcr mehr Datenschutz: Erst wenn Sie hier klicken, wird der Button aktiv und Sie k\\u00f6nnen Ihre Empfehlung an Twitter senden. Schon beim Aktivieren werden Daten an Dritte \\u00fcbertragen - siehe <em>i<\\\/em>.\",\"perma_option\":\"off\",\"language\":\"de\",\"referrer_track\":\"\"}},\"txt_help\":\"Wenn Sie diese Felder durch einen Klick aktivieren, werden Informationen an Facebook, Twitter, Flattr, Xing, t3n, LinkedIn, Pinterest oder Google eventuell ins Ausland \\u00fcbertragen und unter Umst\\u00e4nden auch dort gespeichert. N\\u00e4heres erfahren Sie durch einen Klick auf das <em>i<\\\/em>.\",\"settings_perma\":\"Dauerhaft aktivieren und Daten\\u00fcber-tragung zustimmen:\",\"info_link\":\"http:\\\/\\\/www.heise.de\\\/ct\\\/artikel\\\/2-Klicks-fuer-mehr-Datenschutz-1333879.html\",\"uri\":\"https:\\\/\\\/ninjutsu-aschaffenburg.de\\\/?page_id=123\",\"post_id\":123,\"post_title_referrer_track\":\"Volker+K%C3%BChn\",\"display_infobox\":\"on\"});}});\n\/* ]]> *\/<\/script><\/div>","protected":false},"excerpt":{"rendered":"<p>15. Dan Bujinkan Budo Taijutsu Angefangen mit dem Training habe ich im Alter von 9 Jahren mit Judo, das ich ein paar Jahre trainierte. Da ich auf Grund eines Trainerwechsel meine Graduierung alle wiederholen sollte, h\u00f6rte ich mit Judo auf &hellip; <a href=\"https:\/\/ninjutsu-aschaffenburg.de\/?page_id=123\">Weiterlesen <span class=\"meta-nav\">&rarr;<\/span><\/a><\/p>\n","protected":false},"author":2,"featured_media":0,"parent":121,"menu_order":0,"comment_status":"open","ping_status":"open","template":"","meta":{"ngg_post_thumbnail":0,"footnotes":""},"class_list":["post-123","page","type-page","status-publish","hentry"],"_links":{"self":[{"href":"https:\/\/ninjutsu-aschaffenburg.de\/index.php?rest_route=\/wp\/v2\/pages\/123","targetHints":{"allow":["GET"]}}],"collection":[{"href":"https:\/\/ninjutsu-aschaffenburg.de\/index.php?rest_route=\/wp\/v2\/pages"}],"about":[{"href":"https:\/\/ninjutsu-aschaffenburg.de\/index.php?rest_route=\/wp\/v2\/types\/page"}],"author":[{"embeddable":true,"href":"https:\/\/ninjutsu-aschaffenburg.de\/index.php?rest_route=\/wp\/v2\/users\/2"}],"replies":[{"embeddable":true,"href":"https:\/\/ninjutsu-aschaffenburg.de\/index.php?rest_route=%2Fwp%2Fv2%2Fcomments&post=123"}],"version-history":[{"count":7,"href":"https:\/\/ninjutsu-aschaffenburg.de\/index.php?rest_route=\/wp\/v2\/pages\/123\/revisions"}],"predecessor-version":[{"id":674,"href":"https:\/\/ninjutsu-aschaffenburg.de\/index.php?rest_route=\/wp\/v2\/pages\/123\/revisions\/674"}],"up":[{"embeddable":true,"href":"https:\/\/ninjutsu-aschaffenburg.de\/index.php?rest_route=\/wp\/v2\/pages\/121"}],"wp:attachment":[{"href":"https:\/\/ninjutsu-aschaffenburg.de\/index.php?rest_route=%2Fwp%2Fv2%2Fmedia&parent=123"}],"curies":[{"name":"wp","href":"https:\/\/api.w.org\/{rel}","templated":true}]}}